{"id":4232,"date":"2024-10-06T18:59:44","date_gmt":"2024-10-06T18:59:44","guid":{"rendered":"https:\/\/schaedlinge-wismar.de\/?page_id=4232"},"modified":"2024-10-06T19:14:11","modified_gmt":"2024-10-06T19:14:11","slug":"presse","status":"publish","type":"page","link":"https:\/\/schaedlinge-wismar.de\/index.php\/presse\/","title":{"rendered":"PRESSE"},"content":{"rendered":"\n<h2 class=\"wp-block-heading\">JANKE Sch\u00e4dlingsbek\u00e4mpfung in den Medien<\/h2>\n\n\n<ul style=\"padding-top:0;padding-bottom:0;padding-left:0;padding-right:0;\" class=\"wp-block-latest-posts__list has-dates wp-block-latest-posts\"><li><a class=\"wp-block-latest-posts__post-title\" href=\"https:\/\/schaedlinge-wismar.de\/index.php\/2025\/02\/17\/thomas-janke-ueber-den-einsatz-neuer-software-in-der-schaedlingsbekaempfung\/\">Thomas Janke \u00fcber den Einsatz neuer Software in der Sch\u00e4dlingsbek\u00e4mpfung<\/a><time datetime=\"2025-02-17T13:35:35+00:00\" class=\"wp-block-latest-posts__post-date\">Februar 17, 2025<\/time><div class=\"wp-block-latest-posts__post-excerpt\"><\/div><\/li>\n<li><a class=\"wp-block-latest-posts__post-title\" href=\"https:\/\/schaedlinge-wismar.de\/index.php\/2024\/10\/05\/im-namen-der-schabe-janke-im-spiegel\/\">Im Namen der Schabe \u2013 JANKE im Spiegel.<\/a><time datetime=\"2024-10-05T08:00:00+00:00\" class=\"wp-block-latest-posts__post-date\">Oktober 5, 2024<\/time><div class=\"wp-block-latest-posts__post-excerpt\">In der Ausgabe Nr. 41 vom 05.10.2024 ist ein zweiseitiger Artikel \u00fcber meine Arbeit als\u2026\u00a0<a class=\"wp-block-latest-posts__read-more\" href=\"https:\/\/schaedlinge-wismar.de\/index.php\/2024\/10\/05\/im-namen-der-schabe-janke-im-spiegel\/\" rel=\"noopener noreferrer\"><span class=\"screen-reader-text\">Im Namen der Schabe \u2013 JANKE im Spiegel. <\/span>weiterlesen<\/a><\/div><\/li>\n<li><a class=\"wp-block-latest-posts__post-title\" href=\"https:\/\/schaedlinge-wismar.de\/index.php\/2024\/07\/16\/schaedlingsbekaempfer-thomas-janke-im-kampf-gegen-wespen-wanzen-und-co\/\">Sch\u00e4dlingsbek\u00e4mpfer Thomas Janke im Kampf gegen Wespen, Wanzen und Co.<\/a><time datetime=\"2024-07-16T13:12:11+00:00\" class=\"wp-block-latest-posts__post-date\">Juli 16, 2024<\/time><div class=\"wp-block-latest-posts__post-excerpt\">JANKE Sch\u00e4dlingsbek\u00e4mpfung im Nordkurier vom 16.07.2024 Thomas Janke nimmt es erfolgreich mit Wespen, Wanzen, M\u00e4usen\u2026\u00a0<a class=\"wp-block-latest-posts__read-more\" href=\"https:\/\/schaedlinge-wismar.de\/index.php\/2024\/07\/16\/schaedlingsbekaempfer-thomas-janke-im-kampf-gegen-wespen-wanzen-und-co\/\" rel=\"noopener noreferrer\"><span class=\"screen-reader-text\">Sch\u00e4dlingsbek\u00e4mpfer Thomas Janke im Kampf gegen Wespen, Wanzen und Co. <\/span>weiterlesen<\/a><\/div><\/li>\n<\/ul>\n\n\n<div class=\"wp-block-uagb-separator uagb-block-127f635a\"><div class=\"uagb-separator-spacing-wrapper\"><div class=\"wp-block-uagb-separator__inner\" style=\"--my-background-image:\"><\/div><\/div><\/div>\n\n\n\n<h2 class=\"wp-block-heading\">Weitere Beitr\u00e4ge<\/h2>\n\n\n\n\t\t\t<div class=\"wp-block-uagb-post-carousel uagb-post-grid  uagb-post__image-position-top uagb-post__image-enabled uagb-block-f475ef9e     uagb-post__arrow-outside uagb-slick-carousel uagb-post__items uagb-post__columns-3 is-carousel uagb-post__columns-tablet-2 uagb-post__columns-mobile-1 uagb-post__carousel_equal-height\" data-total=\"2\" style=\"\">\n\n\t\t\t\t\t\t\t\t\t\t\t\t<article class=\"uagb-post__inner-wrap\">\t\t\t\t\t\t\t\t<div class='uagb-post__image'>\n\t\t\t\t\t\t\t\t\t<a href=\"https:\/\/schaedlinge-wismar.de\/index.php\/2021\/02\/23\/fliegen\/\" target=\"_self\" rel=\"bookmark noopener noreferrer\"><img loading=\"lazy\" decoding=\"async\" width=\"600\" height=\"400\" src=\"https:\/\/schaedlinge-wismar.de\/wp-content\/uploads\/2021\/02\/JANKE_fly-5422131.jpg\" class=\"attachment-medium_large size-medium_large\" alt=\"Fliege sitzt auf einem Blatt\" srcset=\"https:\/\/schaedlinge-wismar.de\/wp-content\/uploads\/2021\/02\/JANKE_fly-5422131.jpg 600w, https:\/\/schaedlinge-wismar.de\/wp-content\/uploads\/2021\/02\/JANKE_fly-5422131-300x200.jpg 300w\" sizes=\"auto, (max-width: 600px) 100vw, 600px\" \/>\t\t\t\t\t<\/a>\n\t\t\t\t\t\t\t\t\t<\/div>\n\t\t\t\t\t\t<h3 class=\"uagb-post__title uagb-post__text\">\n\t\t\t\t<a href=\"https:\/\/schaedlinge-wismar.de\/index.php\/2021\/02\/23\/fliegen\/\" target=\"_self\" rel=\"bookmark noopener noreferrer\">Fliegen<\/a>\n\t\t\t<\/h3>\n\t\t\t\t\t\t<div class='uagb-post__text uagb-post-grid-byline'>\n\t\t\t\t\t\t\t<\/div>\n\t\t\t\t\t\t\t<div class='uagb-post__text uagb-post__excerpt'>\n\t\t\t\t\t<p>Fliegen verjagen Jeder kennt sie, ein sonores Brummen und abenteuerliche Flugman\u00f6ver k\u00fcndigen sie an &#8230;&#8230;\t\t\t\t<\/div>\n\t\t\t\t\t\t<div class=\"uagb-post__text uagb-post__cta wp-block-button\">\n\t\t\t\t<a class=\"wp-block-button__link uagb-text-link\" style=\"\" href=\"https:\/\/schaedlinge-wismar.de\/index.php\/2021\/02\/23\/fliegen\/\" target=\"_self\" rel=\"bookmark noopener noreferrer\">Weiterlesen<\/a>\n\t\t\t<\/div>\n\t\t\t\n\t\t\t\t\t\t\t\t\t<\/article>\n\t\t\t\t\t\t\t\t\t\t\t\t\t\t\t\t<article class=\"uagb-post__inner-wrap\">\t\t\t\t\t\t\t\t<div class='uagb-post__image'>\n\t\t\t\t\t\t\t\t\t<a href=\"https:\/\/schaedlinge-wismar.de\/index.php\/2021\/02\/23\/ameisen-vertreiben\/\" target=\"_self\" rel=\"bookmark noopener noreferrer\"><img loading=\"lazy\" decoding=\"async\" width=\"600\" height=\"400\" src=\"https:\/\/schaedlinge-wismar.de\/wp-content\/uploads\/2021\/02\/JANKE_AMEISE_ant-2510373.jpeg\" class=\"attachment-medium_large size-medium_large\" alt=\"zwei Ameisen an einem Pflanzenst\u00e4ngel ernten Honigtau aus den Blattl\u00e4usen\" srcset=\"https:\/\/schaedlinge-wismar.de\/wp-content\/uploads\/2021\/02\/JANKE_AMEISE_ant-2510373.jpeg 600w, https:\/\/schaedlinge-wismar.de\/wp-content\/uploads\/2021\/02\/JANKE_AMEISE_ant-2510373-300x200.jpeg 300w\" sizes=\"auto, (max-width: 600px) 100vw, 600px\" \/>\t\t\t\t\t<\/a>\n\t\t\t\t\t\t\t\t\t<\/div>\n\t\t\t\t\t\t<h3 class=\"uagb-post__title uagb-post__text\">\n\t\t\t\t<a href=\"https:\/\/schaedlinge-wismar.de\/index.php\/2021\/02\/23\/ameisen-vertreiben\/\" target=\"_self\" rel=\"bookmark noopener noreferrer\">Ameisen vertreiben<\/a>\n\t\t\t<\/h3>\n\t\t\t\t\t\t<div class='uagb-post__text uagb-post-grid-byline'>\n\t\t\t\t\t\t\t<\/div>\n\t\t\t\t\t\t\t<div class='uagb-post__text uagb-post__excerpt'>\n\t\t\t\t\t<p>Wo kommen denn die auf einmal her? Richtige Stra\u00dfen kann man manchmal entdecken und dann:&#8230;\t\t\t\t<\/div>\n\t\t\t\t\t\t<div class=\"uagb-post__text uagb-post__cta wp-block-button\">\n\t\t\t\t<a class=\"wp-block-button__link uagb-text-link\" style=\"\" href=\"https:\/\/schaedlinge-wismar.de\/index.php\/2021\/02\/23\/ameisen-vertreiben\/\" target=\"_self\" rel=\"bookmark noopener noreferrer\">Weiterlesen<\/a>\n\t\t\t<\/div>\n\t\t\t\n\t\t\t\t\t\t\t\t\t<\/article>\n\t\t\t\t\t\t\t\t\t\t\t\t\t\t\t\t<article class=\"uagb-post__inner-wrap\">\t\t\t\t\t\t\t\t<div class='uagb-post__image'>\n\t\t\t\t\t\t\t\t\t<a href=\"https:\/\/schaedlinge-wismar.de\/index.php\/2021\/02\/23\/bettwanzen\/\" target=\"_self\" rel=\"bookmark noopener noreferrer\"><img loading=\"lazy\" decoding=\"async\" width=\"768\" height=\"512\" src=\"https:\/\/schaedlinge-wismar.de\/wp-content\/uploads\/2021\/02\/JANKE_WANZE_Adult_bed_bug_Cimex_lectularius-2-768x512.jpg\" class=\"attachment-medium_large size-medium_large\" alt=\"\" srcset=\"https:\/\/schaedlinge-wismar.de\/wp-content\/uploads\/2021\/02\/JANKE_WANZE_Adult_bed_bug_Cimex_lectularius-2-768x512.jpg 768w, https:\/\/schaedlinge-wismar.de\/wp-content\/uploads\/2021\/02\/JANKE_WANZE_Adult_bed_bug_Cimex_lectularius-2-300x200.jpg 300w, https:\/\/schaedlinge-wismar.de\/wp-content\/uploads\/2021\/02\/JANKE_WANZE_Adult_bed_bug_Cimex_lectularius-2.jpg 800w\" sizes=\"auto, (max-width: 768px) 100vw, 768px\" \/>\t\t\t\t\t<\/a>\n\t\t\t\t\t\t\t\t\t<\/div>\n\t\t\t\t\t\t<h3 class=\"uagb-post__title uagb-post__text\">\n\t\t\t\t<a href=\"https:\/\/schaedlinge-wismar.de\/index.php\/2021\/02\/23\/bettwanzen\/\" target=\"_self\" rel=\"bookmark noopener noreferrer\">Bettwanzen loswerden<\/a>\n\t\t\t<\/h3>\n\t\t\t\t\t\t<div class='uagb-post__text uagb-post-grid-byline'>\n\t\t\t\t\t\t\t<\/div>\n\t\t\t\t\t\t\t<div class='uagb-post__text uagb-post__excerpt'>\n\t\t\t\t\t<p>Die Bettwanzen sind zur\u00fcck Bis vor ein paar Jahren waren die Bettwanzen schon fast aus&#8230;\t\t\t\t<\/div>\n\t\t\t\t\t\t<div class=\"uagb-post__text uagb-post__cta wp-block-button\">\n\t\t\t\t<a class=\"wp-block-button__link uagb-text-link\" style=\"\" href=\"https:\/\/schaedlinge-wismar.de\/index.php\/2021\/02\/23\/bettwanzen\/\" target=\"_self\" rel=\"bookmark noopener noreferrer\">Weiterlesen<\/a>\n\t\t\t<\/div>\n\t\t\t\n\t\t\t\t\t\t\t\t\t<\/article>\n\t\t\t\t\t\t\t\t\t\t\t\t\t\t\t\t<article class=\"uagb-post__inner-wrap\">\t\t\t\t\t\t\t\t<div class='uagb-post__image'>\n\t\t\t\t\t\t\t\t\t<a href=\"https:\/\/schaedlinge-wismar.de\/index.php\/2021\/02\/23\/floehe\/\" target=\"_self\" rel=\"bookmark noopener noreferrer\"><img loading=\"lazy\" decoding=\"async\" width=\"600\" height=\"400\" src=\"https:\/\/schaedlinge-wismar.de\/wp-content\/uploads\/2021\/02\/JANKE_flea-63043.jpeg\" class=\"attachment-medium_large size-medium_large\" alt=\"Mikroskopische Aufnahme eines Flohs\" srcset=\"https:\/\/schaedlinge-wismar.de\/wp-content\/uploads\/2021\/02\/JANKE_flea-63043.jpeg 600w, https:\/\/schaedlinge-wismar.de\/wp-content\/uploads\/2021\/02\/JANKE_flea-63043-300x200.jpeg 300w\" sizes=\"auto, (max-width: 600px) 100vw, 600px\" \/>\t\t\t\t\t<\/a>\n\t\t\t\t\t\t\t\t\t<\/div>\n\t\t\t\t\t\t<h3 class=\"uagb-post__title uagb-post__text\">\n\t\t\t\t<a href=\"https:\/\/schaedlinge-wismar.de\/index.php\/2021\/02\/23\/floehe\/\" target=\"_self\" rel=\"bookmark noopener noreferrer\">Fl\u00f6he richtig bek\u00e4mpfen<\/a>\n\t\t\t<\/h3>\n\t\t\t\t\t\t<div class='uagb-post__text uagb-post-grid-byline'>\n\t\t\t\t\t\t\t<\/div>\n\t\t\t\t\t\t\t<div class='uagb-post__text uagb-post__excerpt'>\n\t\t\t\t\tDiese besonders unangenehmen Qu\u00e4lgeister sind hartn\u00e4ckig und schwer zu bek\u00e4mpfen. Sind sie ersteinmal &#8222;eingezogen&#8220; ist&#8230;\t\t\t\t<\/div>\n\t\t\t\t\t\t<div class=\"uagb-post__text uagb-post__cta wp-block-button\">\n\t\t\t\t<a class=\"wp-block-button__link uagb-text-link\" style=\"\" href=\"https:\/\/schaedlinge-wismar.de\/index.php\/2021\/02\/23\/floehe\/\" target=\"_self\" rel=\"bookmark noopener noreferrer\">Weiterlesen<\/a>\n\t\t\t<\/div>\n\t\t\t\n\t\t\t\t\t\t\t\t\t<\/article>\n\t\t\t\t\t\t\t\t\t\t\t\t\t\t\t\t<article class=\"uagb-post__inner-wrap\">\t\t\t\t\t\t\t\t<div class='uagb-post__image'>\n\t\t\t\t\t\t\t\t\t<a href=\"https:\/\/schaedlinge-wismar.de\/index.php\/2021\/02\/23\/kaefer-bekaempfen\/\" target=\"_self\" rel=\"bookmark noopener noreferrer\"><img loading=\"lazy\" decoding=\"async\" width=\"768\" height=\"512\" src=\"https:\/\/schaedlinge-wismar.de\/wp-content\/uploads\/2021\/02\/Dermestes_lardarius_-_top_aka-rotated-e1644931332499-768x512.jpeg\" class=\"attachment-medium_large size-medium_large\" alt=\"Nahaufnahme eines Speckk\u00e4fers\" srcset=\"https:\/\/schaedlinge-wismar.de\/wp-content\/uploads\/2021\/02\/Dermestes_lardarius_-_top_aka-rotated-e1644931332499-768x512.jpeg 768w, https:\/\/schaedlinge-wismar.de\/wp-content\/uploads\/2021\/02\/Dermestes_lardarius_-_top_aka-rotated-e1644931332499-300x200.jpeg 300w, https:\/\/schaedlinge-wismar.de\/wp-content\/uploads\/2021\/02\/Dermestes_lardarius_-_top_aka-rotated-e1644931332499-1024x683.jpeg 1024w, https:\/\/schaedlinge-wismar.de\/wp-content\/uploads\/2021\/02\/Dermestes_lardarius_-_top_aka-rotated-e1644931332499.jpeg 1080w\" sizes=\"auto, (max-width: 768px) 100vw, 768px\" \/>\t\t\t\t\t<\/a>\n\t\t\t\t\t\t\t\t\t<\/div>\n\t\t\t\t\t\t<h3 class=\"uagb-post__title uagb-post__text\">\n\t\t\t\t<a href=\"https:\/\/schaedlinge-wismar.de\/index.php\/2021\/02\/23\/kaefer-bekaempfen\/\" target=\"_self\" rel=\"bookmark noopener noreferrer\">K\u00e4fer bek\u00e4mpfen<\/a>\n\t\t\t<\/h3>\n\t\t\t\t\t\t<div class='uagb-post__text uagb-post-grid-byline'>\n\t\t\t\t\t\t\t<\/div>\n\t\t\t\t\t\t\t<div class='uagb-post__text uagb-post__excerpt'>\n\t\t\t\t\t<p>K\u00e4fer, umgangssprachlich auch als Krabbelgetier bezeichnet, gibt es wohl endlos viele auf unserer Welt. Auch&#8230;\t\t\t\t<\/div>\n\t\t\t\t\t\t<div class=\"uagb-post__text uagb-post__cta wp-block-button\">\n\t\t\t\t<a class=\"wp-block-button__link uagb-text-link\" style=\"\" href=\"https:\/\/schaedlinge-wismar.de\/index.php\/2021\/02\/23\/kaefer-bekaempfen\/\" target=\"_self\" rel=\"bookmark noopener noreferrer\">Weiterlesen<\/a>\n\t\t\t<\/div>\n\t\t\t\n\t\t\t\t\t\t\t\t\t<\/article>\n\t\t\t\t\t\t\t\t\t\t\t\t\t\t\t\t<article class=\"uagb-post__inner-wrap\">\t\t\t\t\t\t\t\t<div class='uagb-post__image'>\n\t\t\t\t\t\t\t\t\t<a href=\"https:\/\/schaedlinge-wismar.de\/index.php\/2021\/02\/22\/motten-bekaempfen\/\" target=\"_self\" rel=\"bookmark noopener noreferrer\"><img loading=\"lazy\" decoding=\"async\" width=\"600\" height=\"400\" src=\"https:\/\/schaedlinge-wismar.de\/wp-content\/uploads\/2021\/02\/JANKE_moths-265667.jpg\" class=\"attachment-medium_large size-medium_large\" alt=\"Motte mit braun weissen Fl\u00fcgeln\" srcset=\"https:\/\/schaedlinge-wismar.de\/wp-content\/uploads\/2021\/02\/JANKE_moths-265667.jpg 600w, https:\/\/schaedlinge-wismar.de\/wp-content\/uploads\/2021\/02\/JANKE_moths-265667-300x200.jpg 300w\" sizes=\"auto, (max-width: 600px) 100vw, 600px\" \/>\t\t\t\t\t<\/a>\n\t\t\t\t\t\t\t\t\t<\/div>\n\t\t\t\t\t\t<h3 class=\"uagb-post__title uagb-post__text\">\n\t\t\t\t<a href=\"https:\/\/schaedlinge-wismar.de\/index.php\/2021\/02\/22\/motten-bekaempfen\/\" target=\"_self\" rel=\"bookmark noopener noreferrer\">Motten bek\u00e4mpfen<\/a>\n\t\t\t<\/h3>\n\t\t\t\t\t\t<div class='uagb-post__text uagb-post-grid-byline'>\n\t\t\t\t\t\t\t<\/div>\n\t\t\t\t\t\t\t<div class='uagb-post__text uagb-post__excerpt'>\n\t\t\t\t\t<p>Schon allein das Wort Motte tr\u00e4gt f\u00fcr viele Menschen etwas Unangenehmes und Unvorhersehbares in sich&#8230;.\t\t\t\t<\/div>\n\t\t\t\t\t\t<div class=\"uagb-post__text uagb-post__cta wp-block-button\">\n\t\t\t\t<a class=\"wp-block-button__link uagb-text-link\" style=\"\" href=\"https:\/\/schaedlinge-wismar.de\/index.php\/2021\/02\/22\/motten-bekaempfen\/\" target=\"_self\" rel=\"bookmark noopener noreferrer\">Weiterlesen<\/a>\n\t\t\t<\/div>\n\t\t\t\n\t\t\t\t\t\t\t\t\t<\/article>\n\t\t\t\t\t\t\t\t\t\t\t<\/div>\n\t\t\t","protected":false},"excerpt":{"rendered":"<p>JANKE Sch\u00e4dlingsbek\u00e4mpfung in den Medien Weitere Beitr\u00e4ge<\/p>\n","protected":false},"author":1,"featured_media":0,"parent":0,"menu_order":0,"comment_status":"closed","ping_status":"closed","template":"","meta":{"inline_featured_image":false,"_uag_custom_page_level_css":"","site-sidebar-layout":"default","site-content-layout":"","ast-site-content-layout":"default","site-content-style":"default","site-sidebar-style":"default","ast-global-header-display":"","ast-banner-title-visibility":"","ast-main-header-display":"","ast-hfb-above-header-display":"","ast-hfb-below-header-display":"","ast-hfb-mobile-header-display":"","site-post-title":"disabled","ast-breadcrumbs-content":"","ast-featured-img":"","footer-sml-layout":"","ast-disable-related-posts":"","theme-transparent-header-meta":"","adv-header-id-meta":"","stick-header-meta":"","header-above-stick-meta":"","header-main-stick-meta":"","header-below-stick-meta":"","astra-migrate-meta-layouts":"set","ast-page-background-enabled":"default","ast-page-background-meta":{"desktop":{"background-color":"","background-image":"","background-repeat":"repeat","background-position":"center center","background-size":"auto","background-attachment":"scroll","background-type":"","background-media":"","overlay-type":"","overlay-color":"","overlay-opacity":"","overlay-gradient":""},"tablet":{"background-color":"","background-image":"","background-repeat":"repeat","background-position":"center center","background-size":"auto","background-attachment":"scroll","background-type":"","background-media":"","overlay-type":"","overlay-color":"","overlay-opacity":"","overlay-gradient":""},"mobile":{"background-color":"","background-image":"","background-repeat":"repeat","background-position":"center center","background-size":"auto","background-attachment":"scroll","background-type":"","background-media":"","overlay-type":"","overlay-color":"","overlay-opacity":"","overlay-gradient":""}},"ast-content-background-meta":{"desktop":{"background-color":"var(--ast-global-color-5)","background-image":"","background-repeat":"repeat","background-position":"center center","background-size":"auto","background-attachment":"scroll","background-type":"","background-media":"","overlay-type":"","overlay-color":"","overlay-opacity":"","overlay-gradient":""},"tablet":{"background-color":"var(--ast-global-color-5)","background-image":"","background-repeat":"repeat","background-position":"center center","background-size":"auto","background-attachment":"scroll","background-type":"","background-media":"","overlay-type":"","overlay-color":"","overlay-opacity":"","overlay-gradient":""},"mobile":{"background-color":"var(--ast-global-color-5)","background-image":"","background-repeat":"repeat","background-position":"center center","background-size":"auto","background-attachment":"scroll","background-type":"","background-media":"","overlay-type":"","overlay-color":"","overlay-opacity":"","overlay-gradient":""}},"footnotes":""},"class_list":["post-4232","page","type-page","status-publish","hentry"],"yoast_head":"<!-- This site is optimized with the Yoast SEO plugin v27.4 - https:\/\/yoast.com\/product\/yoast-seo-wordpress\/ -->\n<title>PRESSE | Janke Sch\u00e4dlingsbek\u00e4mpfung in Wismar<\/title>\n<meta name=\"robots\" content=\"index, follow, max-snippet:-1, max-image-preview:large, max-video-preview:-1\" \/>\n<link rel=\"canonical\" href=\"https:\/\/schaedlinge-wismar.de\/index.php\/presse\/\" \/>\n<meta property=\"og:locale\" content=\"de_DE\" \/>\n<meta property=\"og:type\" content=\"article\" \/>\n<meta property=\"og:title\" content=\"PRESSE | Janke Sch\u00e4dlingsbek\u00e4mpfung in Wismar\" \/>\n<meta property=\"og:description\" content=\"JANKE Sch\u00e4dlingsbek\u00e4mpfung in den Medien Weitere Beitr\u00e4ge\" \/>\n<meta property=\"og:url\" content=\"https:\/\/schaedlinge-wismar.de\/index.php\/presse\/\" \/>\n<meta property=\"og:site_name\" content=\"Janke Sch\u00e4dlingsbek\u00e4mpfung in Wismar\" \/>\n<meta property=\"article:modified_time\" content=\"2024-10-06T19:14:11+00:00\" \/>\n<meta name=\"twitter:card\" content=\"summary_large_image\" \/>\n<meta name=\"twitter:label1\" content=\"Gesch\u00e4tzte Lesezeit\" \/>\n\t<meta name=\"twitter:data1\" content=\"1\u00a0Minute\" \/>\n<script type=\"application\/ld+json\" class=\"yoast-schema-graph\">{\"@context\":\"https:\\\/\\\/schema.org\",\"@graph\":[{\"@type\":\"WebPage\",\"@id\":\"https:\\\/\\\/schaedlinge-wismar.de\\\/index.php\\\/presse\\\/\",\"url\":\"https:\\\/\\\/schaedlinge-wismar.de\\\/index.php\\\/presse\\\/\",\"name\":\"PRESSE | Janke Sch\u00e4dlingsbek\u00e4mpfung in Wismar\",\"isPartOf\":{\"@id\":\"https:\\\/\\\/schaedlinge-wismar.de\\\/#website\"},\"datePublished\":\"2024-10-06T18:59:44+00:00\",\"dateModified\":\"2024-10-06T19:14:11+00:00\",\"breadcrumb\":{\"@id\":\"https:\\\/\\\/schaedlinge-wismar.de\\\/index.php\\\/presse\\\/#breadcrumb\"},\"inLanguage\":\"de\",\"potentialAction\":[{\"@type\":\"ReadAction\",\"target\":[\"https:\\\/\\\/schaedlinge-wismar.de\\\/index.php\\\/presse\\\/\"]}]},{\"@type\":\"BreadcrumbList\",\"@id\":\"https:\\\/\\\/schaedlinge-wismar.de\\\/index.php\\\/presse\\\/#breadcrumb\",\"itemListElement\":[{\"@type\":\"ListItem\",\"position\":1,\"name\":\"Startseite\",\"item\":\"https:\\\/\\\/schaedlinge-wismar.de\\\/\"},{\"@type\":\"ListItem\",\"position\":2,\"name\":\"PRESSE\"}]},{\"@type\":\"WebSite\",\"@id\":\"https:\\\/\\\/schaedlinge-wismar.de\\\/#website\",\"url\":\"https:\\\/\\\/schaedlinge-wismar.de\\\/\",\"name\":\"Janke Sch\u00e4dlingsbek\u00e4mpfung\",\"description\":\"\",\"publisher\":{\"@id\":\"https:\\\/\\\/schaedlinge-wismar.de\\\/#organization\"},\"potentialAction\":[{\"@type\":\"SearchAction\",\"target\":{\"@type\":\"EntryPoint\",\"urlTemplate\":\"https:\\\/\\\/schaedlinge-wismar.de\\\/?s={search_term_string}\"},\"query-input\":{\"@type\":\"PropertyValueSpecification\",\"valueRequired\":true,\"valueName\":\"search_term_string\"}}],\"inLanguage\":\"de\"},{\"@type\":\"Organization\",\"@id\":\"https:\\\/\\\/schaedlinge-wismar.de\\\/#organization\",\"name\":\"Janke Sch\u00e4dlingsbek\u00e4mpfung\",\"url\":\"https:\\\/\\\/schaedlinge-wismar.de\\\/\",\"logo\":{\"@type\":\"ImageObject\",\"inLanguage\":\"de\",\"@id\":\"https:\\\/\\\/schaedlinge-wismar.de\\\/#\\\/schema\\\/logo\\\/image\\\/\",\"url\":\"https:\\\/\\\/schaedlinge-wismar.de\\\/wp-content\\\/uploads\\\/2022\\\/12\\\/JANKE_LOGO_quer-06-06.png\",\"contentUrl\":\"https:\\\/\\\/schaedlinge-wismar.de\\\/wp-content\\\/uploads\\\/2022\\\/12\\\/JANKE_LOGO_quer-06-06.png\",\"width\":400,\"height\":111,\"caption\":\"Janke Sch\u00e4dlingsbek\u00e4mpfung\"},\"image\":{\"@id\":\"https:\\\/\\\/schaedlinge-wismar.de\\\/#\\\/schema\\\/logo\\\/image\\\/\"}}]}<\/script>\n<!-- \/ Yoast SEO plugin. -->","yoast_head_json":{"title":"PRESSE | Janke Sch\u00e4dlingsbek\u00e4mpfung in Wismar","robots":{"index":"index","follow":"follow","max-snippet":"max-snippet:-1","max-image-preview":"max-image-preview:large","max-video-preview":"max-video-preview:-1"},"canonical":"https:\/\/schaedlinge-wismar.de\/index.php\/presse\/","og_locale":"de_DE","og_type":"article","og_title":"PRESSE | Janke Sch\u00e4dlingsbek\u00e4mpfung in Wismar","og_description":"JANKE Sch\u00e4dlingsbek\u00e4mpfung in den Medien Weitere Beitr\u00e4ge","og_url":"https:\/\/schaedlinge-wismar.de\/index.php\/presse\/","og_site_name":"Janke Sch\u00e4dlingsbek\u00e4mpfung in Wismar","article_modified_time":"2024-10-06T19:14:11+00:00","twitter_card":"summary_large_image","twitter_misc":{"Gesch\u00e4tzte Lesezeit":"1\u00a0Minute"},"schema":{"@context":"https:\/\/schema.org","@graph":[{"@type":"WebPage","@id":"https:\/\/schaedlinge-wismar.de\/index.php\/presse\/","url":"https:\/\/schaedlinge-wismar.de\/index.php\/presse\/","name":"PRESSE | Janke Sch\u00e4dlingsbek\u00e4mpfung in Wismar","isPartOf":{"@id":"https:\/\/schaedlinge-wismar.de\/#website"},"datePublished":"2024-10-06T18:59:44+00:00","dateModified":"2024-10-06T19:14:11+00:00","breadcrumb":{"@id":"https:\/\/schaedlinge-wismar.de\/index.php\/presse\/#breadcrumb"},"inLanguage":"de","potentialAction":[{"@type":"ReadAction","target":["https:\/\/schaedlinge-wismar.de\/index.php\/presse\/"]}]},{"@type":"BreadcrumbList","@id":"https:\/\/schaedlinge-wismar.de\/index.php\/presse\/#breadcrumb","itemListElement":[{"@type":"ListItem","position":1,"name":"Startseite","item":"https:\/\/schaedlinge-wismar.de\/"},{"@type":"ListItem","position":2,"name":"PRESSE"}]},{"@type":"WebSite","@id":"https:\/\/schaedlinge-wismar.de\/#website","url":"https:\/\/schaedlinge-wismar.de\/","name":"Janke Sch\u00e4dlingsbek\u00e4mpfung","description":"","publisher":{"@id":"https:\/\/schaedlinge-wismar.de\/#organization"},"potentialAction":[{"@type":"SearchAction","target":{"@type":"EntryPoint","urlTemplate":"https:\/\/schaedlinge-wismar.de\/?s={search_term_string}"},"query-input":{"@type":"PropertyValueSpecification","valueRequired":true,"valueName":"search_term_string"}}],"inLanguage":"de"},{"@type":"Organization","@id":"https:\/\/schaedlinge-wismar.de\/#organization","name":"Janke Sch\u00e4dlingsbek\u00e4mpfung","url":"https:\/\/schaedlinge-wismar.de\/","logo":{"@type":"ImageObject","inLanguage":"de","@id":"https:\/\/schaedlinge-wismar.de\/#\/schema\/logo\/image\/","url":"https:\/\/schaedlinge-wismar.de\/wp-content\/uploads\/2022\/12\/JANKE_LOGO_quer-06-06.png","contentUrl":"https:\/\/schaedlinge-wismar.de\/wp-content\/uploads\/2022\/12\/JANKE_LOGO_quer-06-06.png","width":400,"height":111,"caption":"Janke Sch\u00e4dlingsbek\u00e4mpfung"},"image":{"@id":"https:\/\/schaedlinge-wismar.de\/#\/schema\/logo\/image\/"}}]}},"uagb_featured_image_src":{"full":false,"thumbnail":false,"medium":false,"medium_large":false,"large":false,"1536x1536":false,"2048x2048":false},"uagb_author_info":{"display_name":"admin","author_link":"https:\/\/schaedlinge-wismar.de\/index.php\/author\/admin_c5exlca4\/"},"uagb_comment_info":0,"uagb_excerpt":"JANKE Sch\u00e4dlingsbek\u00e4mpfung in den Medien Weitere Beitr\u00e4ge","_links":{"self":[{"href":"https:\/\/schaedlinge-wismar.de\/index.php\/wp-json\/wp\/v2\/pages\/4232","targetHints":{"allow":["GET"]}}],"collection":[{"href":"https:\/\/schaedlinge-wismar.de\/index.php\/wp-json\/wp\/v2\/pages"}],"about":[{"href":"https:\/\/schaedlinge-wismar.de\/index.php\/wp-json\/wp\/v2\/types\/page"}],"author":[{"embeddable":true,"href":"https:\/\/schaedlinge-wismar.de\/index.php\/wp-json\/wp\/v2\/users\/1"}],"replies":[{"embeddable":true,"href":"https:\/\/schaedlinge-wismar.de\/index.php\/wp-json\/wp\/v2\/comments?post=4232"}],"version-history":[{"count":8,"href":"https:\/\/schaedlinge-wismar.de\/index.php\/wp-json\/wp\/v2\/pages\/4232\/revisions"}],"predecessor-version":[{"id":4258,"href":"https:\/\/schaedlinge-wismar.de\/index.php\/wp-json\/wp\/v2\/pages\/4232\/revisions\/4258"}],"wp:attachment":[{"href":"https:\/\/schaedlinge-wismar.de\/index.php\/wp-json\/wp\/v2\/media?parent=4232"}],"curies":[{"name":"wp","href":"https:\/\/api.w.org\/{rel}","templated":true}]}}